{"id":311,"date":"2024-02-29T18:50:54","date_gmt":"2024-02-29T18:50:54","guid":{"rendered":"https:\/\/livraisonmarrakech.com\/?page_id=311"},"modified":"2024-03-03T11:11:06","modified_gmt":"2024-03-03T11:11:06","slug":"a-propos","status":"publish","type":"page","link":"https:\/\/livraisonmarrakech.com\/en\/a-propos\/","title":{"rendered":"About us"},"content":{"rendered":"<div data-elementor-type=\"wp-page\" data-elementor-id=\"311\" class=\"elementor elementor-311\" data-elementor-post-type=\"page\">\n\t\t\t\t\t\t<section class=\"ob-is-breaking-bad elementor-section elementor-top-section elementor-element elementor-element-66afba0c elementor-reverse-mobile elementor-section-boxed elementor-section-height-default elementor-section-height-default\" data-id=\"66afba0c\" data-element_type=\"section\" data-e-type=\"section\" data-settings=\"{&quot;background_background&quot;:&quot;classic&quot;,&quot;_ob_bbad_use_it&quot;:&quot;yes&quot;,&quot;_ob_bbad_sssic_use&quot;:&quot;no&quot;,&quot;_ob_glider_is_slider&quot;:&quot;no&quot;}\">\n\t\t\t\t\t\t<div class=\"elementor-container elementor-column-gap-default\">\n\t\t\t\t\t<div class=\"elementor-column elementor-col-50 elementor-top-column elementor-element elementor-element-6cd59b8\" data-id=\"6cd59b8\" data-element_type=\"column\" data-e-type=\"column\" data-settings=\"{&quot;_ob_bbad_is_stalker&quot;:&quot;no&quot;,&quot;_ob_teleporter_use&quot;:false,&quot;_ob_column_hoveranimator&quot;:&quot;no&quot;,&quot;_ob_column_has_pseudo&quot;:&quot;no&quot;}\">\n\t\t\t<div class=\"elementor-widget-wrap elementor-element-populated\">\n\t\t\t\t\t\t<div class=\"elementor-element elementor-element-31b58ce5 ob-harakiri-inherit ob-has-background-overlay elementor-widget elementor-widget-heading\" data-id=\"31b58ce5\" data-element_type=\"widget\" data-e-type=\"widget\" data-settings=\"{&quot;_ob_use_harakiri&quot;:&quot;yes&quot;,&quot;_ob_harakiri_writing_mode&quot;:&quot;inherit&quot;,&quot;_ob_harakiri_text_clip&quot;:&quot;none&quot;,&quot;_ob_perspektive_use&quot;:&quot;no&quot;,&quot;_ob_poopart_use&quot;:&quot;yes&quot;,&quot;_ob_shadough_use&quot;:&quot;no&quot;,&quot;_ob_allow_hoveranimator&quot;:&quot;no&quot;,&quot;_ob_widget_stalker_use&quot;:&quot;no&quot;}\" data-widget_type=\"heading.default\">\n\t\t\t\t<div class=\"elementor-widget-container\">\n\t\t\t\t\t<h1 class=\"elementor-heading-title elementor-size-default\">ALLO LIVREUR KECH<\/h1>\t\t\t\t<\/div>\n\t\t\t\t<\/div>\n\t\t\t\t<div class=\"elementor-element elementor-element-137f09fb ob-harakiri-inherit ob-has-background-overlay elementor-widget elementor-widget-text-editor\" data-id=\"137f09fb\" data-element_type=\"widget\" data-e-type=\"widget\" data-settings=\"{&quot;_ob_use_harakiri&quot;:&quot;yes&quot;,&quot;_ob_harakiri_writing_mode&quot;:&quot;inherit&quot;,&quot;_ob_postman_use&quot;:&quot;no&quot;,&quot;_ob_perspektive_use&quot;:&quot;no&quot;,&quot;_ob_poopart_use&quot;:&quot;yes&quot;,&quot;_ob_shadough_use&quot;:&quot;no&quot;,&quot;_ob_allow_hoveranimator&quot;:&quot;no&quot;,&quot;_ob_widget_stalker_use&quot;:&quot;no&quot;}\" data-widget_type=\"text-editor.default\">\n\t\t\t\t<div class=\"elementor-widget-container\">\n\t\t\t\t\t\t\t\t\t<p>At <a href=\"https:\/\/livraisonmarrakech.com\/en\/\"><strong>Allo Livreur Kech<\/strong><\/a>, We're passionate about connecting you to Marrakech's vibrant culinary scene. We believe that everyone deserves to experience the delicious flavors and diverse offerings, from traditional tagines to modern fusion cuisine, without leaving the comfort of their own home. Our aim is to make <a href=\"https:\/\/livraisonmarrakech.com\/en\/\"><strong>meal delivery in Marrakech<\/strong><\/a> a seamless, enjoyable experience, ensuring that your favorite meals arrive fresh, fast and right on your doorstep.<\/p>\t\t\t\t\t\t\t\t<\/div>\n\t\t\t\t<\/div>\n\t\t\t\t\t<\/div>\n\t\t<\/div>\n\t\t\t\t<div class=\"elementor-column elementor-col-50 elementor-top-column elementor-element elementor-element-3913c3bf\" data-id=\"3913c3bf\" data-element_type=\"column\" data-e-type=\"column\" data-settings=\"{&quot;_ob_bbad_is_stalker&quot;:&quot;no&quot;,&quot;_ob_teleporter_use&quot;:false,&quot;_ob_column_hoveranimator&quot;:&quot;no&quot;,&quot;_ob_column_has_pseudo&quot;:&quot;no&quot;}\">\n\t\t\t<div class=\"elementor-widget-wrap elementor-element-populated\">\n\t\t\t\t\t\t<div class=\"elementor-element elementor-element-1d081bad ob-has-background-overlay elementor-widget elementor-widget-image\" data-id=\"1d081bad\" data-element_type=\"widget\" data-e-type=\"widget\" data-settings=\"{&quot;_ob_photomorph_use&quot;:&quot;no&quot;,&quot;_ob_perspektive_use&quot;:&quot;no&quot;,&quot;_ob_poopart_use&quot;:&quot;yes&quot;,&quot;_ob_shadough_use&quot;:&quot;no&quot;,&quot;_ob_allow_hoveranimator&quot;:&quot;no&quot;,&quot;_ob_widget_stalker_use&quot;:&quot;no&quot;}\" data-widget_type=\"image.default\">\n\t\t\t\t<div class=\"elementor-widget-container\">\n\t\t\t\t\t\t\t\t\t\t\t\t\t\t\t<img fetchpriority=\"high\" decoding=\"async\" width=\"4500\" height=\"4500\" src=\"https:\/\/livraisonmarrakech.com\/wp-content\/uploads\/2024\/02\/Food-Delivery_00-Scene.png\" class=\"attachment-full size-full wp-image-314\" alt=\"\" srcset=\"https:\/\/livraisonmarrakech.com\/wp-content\/uploads\/2024\/02\/Food-Delivery_00-Scene.png 4500w, https:\/\/livraisonmarrakech.com\/wp-content\/uploads\/2024\/02\/Food-Delivery_00-Scene-300x300.png 300w, https:\/\/livraisonmarrakech.com\/wp-content\/uploads\/2024\/02\/Food-Delivery_00-Scene-1024x1024.png 1024w, https:\/\/livraisonmarrakech.com\/wp-content\/uploads\/2024\/02\/Food-Delivery_00-Scene-150x150.png 150w, https:\/\/livraisonmarrakech.com\/wp-content\/uploads\/2024\/02\/Food-Delivery_00-Scene-768x768.png 768w, https:\/\/livraisonmarrakech.com\/wp-content\/uploads\/2024\/02\/Food-Delivery_00-Scene-1536x1536.png 1536w, https:\/\/livraisonmarrakech.com\/wp-content\/uploads\/2024\/02\/Food-Delivery_00-Scene-2048x2048.png 2048w\" sizes=\"(max-width: 4500px) 100vw, 4500px\" \/>\t\t\t\t\t\t\t\t\t\t\t\t\t\t\t<\/div>\n\t\t\t\t<\/div>\n\t\t\t\t\t<\/div>\n\t\t<\/div>\n\t\t\t\t\t<\/div>\n\t\t<\/section>\n\t\t\t\t<\/div>","protected":false},"excerpt":{"rendered":"<p>ALLO LIVREUR KECH Chez Allo Livreur Kech, nous avons la passion de vous mettre en contact avec la sc\u00e8ne culinaire vibrante de Marrakech. Nous pensons que tout le monde m\u00e9rite d&rsquo;exp\u00e9rimenter les saveurs d\u00e9licieuses et les offres diverses, des tajines traditionnels \u00e0 la cuisine fusion moderne, sans quitter le confort de leur maison. Notre objectif [&hellip;]<\/p>\n","protected":false},"author":1,"featured_media":0,"parent":0,"menu_order":0,"comment_status":"closed","ping_status":"closed","template":"elementor_header_footer","meta":{"_joinchat":[],"footnotes":""},"class_list":["post-311","page","type-page","status-publish","hentry"],"_links":{"self":[{"href":"https:\/\/livraisonmarrakech.com\/en\/wp-json\/wp\/v2\/pages\/311","targetHints":{"allow":["GET"]}}],"collection":[{"href":"https:\/\/livraisonmarrakech.com\/en\/wp-json\/wp\/v2\/pages"}],"about":[{"href":"https:\/\/livraisonmarrakech.com\/en\/wp-json\/wp\/v2\/types\/page"}],"author":[{"embeddable":true,"href":"https:\/\/livraisonmarrakech.com\/en\/wp-json\/wp\/v2\/users\/1"}],"replies":[{"embeddable":true,"href":"https:\/\/livraisonmarrakech.com\/en\/wp-json\/wp\/v2\/comments?post=311"}],"version-history":[{"count":7,"href":"https:\/\/livraisonmarrakech.com\/en\/wp-json\/wp\/v2\/pages\/311\/revisions"}],"predecessor-version":[{"id":371,"href":"https:\/\/livraisonmarrakech.com\/en\/wp-json\/wp\/v2\/pages\/311\/revisions\/371"}],"wp:attachment":[{"href":"https:\/\/livraisonmarrakech.com\/en\/wp-json\/wp\/v2\/media?parent=311"}],"curies":[{"name":"wp","href":"https:\/\/api.w.org\/{rel}","templated":true}]}}